{"id":5031,"date":"2016-10-13T16:56:58","date_gmt":"2016-10-13T14:56:58","guid":{"rendered":"http:\/\/wetpussy.ch\/fr\/?page_id=5031"},"modified":"2018-01-25T10:41:59","modified_gmt":"2018-01-25T09:41:59","slug":"bienve-nue","status":"publish","type":"page","link":"https:\/\/sex-svizzera.ch\/fr\/","title":{"rendered":"Bienve->Nue"},"content":{"rendered":"<p>[vc_row css=\u00a0\u00bb.vc_custom_1471781083042{background-color: rgba(0,53,62,0.75) !important;*background-color: rgb(0,53,62) !important;}\u00a0\u00bb][vc_column width=\u00a0\u00bb3\/4&Prime;][vc_row_inner][vc_column_inner][vc_column_text]<\/p>\n<h2>Escort Girls | Clubs | TS | TV | Boys | Massages | Hot Sex<\/h2>\n<p>[\/vc_column_text][\/vc_column_inner][\/vc_row_inner][vc_separator][vc_single_image image=\u00a0\u00bb8464&Prime; img_size=\u00a0\u00bb\u00a0\u00bb alignment=\u00a0\u00bbcenter\u00a0\u00bb][vc_column_text]<\/p>\n<h3 style=\"text-align: center;\"><strong>Le seul site qui vous permet de trouver pr\u00e9cis\u00e9ment ce que vous recherchez<\/strong><br \/>\nNotre <a href=\"http:\/\/#ppsShowPopUp_101\"><strong>Navigateur de Recherche<\/strong><\/a> fait toute la diff\u00e9rence<\/h3>\n<p>[\/vc_column_text][vc_empty_space height=\u00a0\u00bb24px\u00a0\u00bb][vc_single_image image=\u00a0\u00bb9556&Prime; img_size=\u00a0\u00bbfull\u00a0\u00bb onclick=\u00a0\u00bbcustom_link\u00a0\u00bb link=\u00a0\u00bbhttps:\/\/sex-svizzera.ch\/fr\/le-meilleur-du-meilleur-rien-que-pour-vous\/\u00a0\u00bb][vc_column_text]<\/p>\n<h2 style=\"text-align: center;\"><a href=\"https:\/\/sex-svizzera.ch\/fr\/le-meilleur-du-meilleur-rien-que-pour-vous\/\">Le Meilleur Du Meilleur Rien Que Pour Vous<\/a><\/h2>\n<p>[\/vc_column_text][vc_empty_space][vc_row_inner][vc_column_inner width=\u00a0\u00bb1\/2&Prime;][vc_single_image image=\u00a0\u00bb5007&Prime; img_size=\u00a0\u00bbfull\u00a0\u00bb alignment=\u00a0\u00bbcenter\u00a0\u00bb style=\u00a0\u00bbvc_box_shadow_3d\u00a0\u00bb onclick=\u00a0\u00bbcustom_link\u00a0\u00bb link=\u00a0\u00bbhttps:\/\/sex-svizzera.ch\/fr\/prends-moi\/\u00a0\u00bb][vc_column_text css_animation=\u00a0\u00bbbottom-to-top\u00a0\u00bb]<\/p>\n<h2 style=\"text-align: center;\"><a href=\"https:\/\/sex-svizzera.ch\/fr\/prends-moi\/\">Choix De Votre R\u00e9gion<\/a><\/h2>\n<p>[\/vc_column_text][vc_separator][vc_empty_space][\/vc_column_inner][vc_column_inner width=\u00a0\u00bb1\/2&Prime;][vc_single_image image=\u00a0\u00bb5015&Prime; img_size=\u00a0\u00bbfull\u00a0\u00bb alignment=\u00a0\u00bbcenter\u00a0\u00bb style=\u00a0\u00bbvc_box_shadow_3d\u00a0\u00bb onclick=\u00a0\u00bbcustom_link\u00a0\u00bb link=\u00a0\u00bbhttps:\/\/sex-svizzera.ch\/fr\/nouvelles-annonces-pour-vous\/\u00a0\u00bb][vc_column_text css_animation=\u00a0\u00bbbottom-to-top\u00a0\u00bb]<\/p>\n<h2 style=\"text-align: center;\"><a href=\"https:\/\/sex-svizzera.ch\/fr\/nouvelles-annonces-pour-vous\/\">Nouvelles Annonces<\/a><\/h2>\n<p>[\/vc_column_text][vc_separator][vc_empty_space][\/vc_column_inner][\/vc_row_inner][vc_row_inner][vc_column_inner width=\u00a0\u00bb1\/2&Prime;][vc_single_image image=\u00a0\u00bb5019&Prime; img_size=\u00a0\u00bbfull\u00a0\u00bb alignment=\u00a0\u00bbcenter\u00a0\u00bb style=\u00a0\u00bbvc_box_shadow_3d\u00a0\u00bb onclick=\u00a0\u00bbcustom_link\u00a0\u00bb link=\u00a0\u00bbhttps:\/\/sex-svizzera.ch\/fr\/les-20-plus-appreciees\/\u00a0\u00bb][vc_column_text css_animation=\u00a0\u00bbbottom-to-top\u00a0\u00bb]<\/p>\n<h2 style=\"text-align: center;\"><a href=\"https:\/\/sex-svizzera.ch\/fr\/les-20-plus-appreciees\/\">Les 20 Plus Appr\u00e9ci\u00e9es<\/a><\/h2>\n<p>[\/vc_column_text][vc_separator][vc_empty_space][\/vc_column_inner][vc_column_inner width=\u00a0\u00bb1\/2&Prime;][vc_single_image image=\u00a0\u00bb5011&Prime; img_size=\u00a0\u00bbfull\u00a0\u00bb alignment=\u00a0\u00bbcenter\u00a0\u00bb style=\u00a0\u00bbvc_box_shadow_3d\u00a0\u00bb onclick=\u00a0\u00bbcustom_link\u00a0\u00bb link=\u00a0\u00bbhttps:\/\/sex-svizzera.ch\/fr\/les-20-plus-vues-de-tous-les-temps\/\u00a0\u00bb][vc_column_text css_animation=\u00a0\u00bbbottom-to-top\u00a0\u00bb]<\/p>\n<h2 style=\"text-align: center;\"><a href=\"https:\/\/sex-svizzera.ch\/fr\/les-20-plus-vues-de-tous-les-temps\/\">Les 20 Plus Regard\u00e9es<\/a><\/h2>\n<p>[\/vc_column_text][vc_separator][vc_empty_space][\/vc_column_inner][\/vc_row_inner][vc_row_inner][vc_column_inner][vc_single_image image=\u00a0\u00bb8487&Prime; img_size=\u00a0\u00bbfull\u00a0\u00bb alignment=\u00a0\u00bbcenter\u00a0\u00bb style=\u00a0\u00bbvc_box_shadow_3d\u00a0\u00bb onclick=\u00a0\u00bbcustom_link\u00a0\u00bb link=\u00a0\u00bbhttps:\/\/wetpussy.ch\/fr\/comment-publier-votre-annonce\/\u00a0\u00bb][vc_column_text css_animation=\u00a0\u00bbbottom-to-top\u00a0\u00bb]<\/p>\n<h2 style=\"text-align: center;\"><a href=\"https:\/\/wetpussy.ch\/fr\/comment-publier-votre-annonce\/\">Comment publier votre annonce<\/a><\/h2>\n<p>[\/vc_column_text][vc_empty_space][vc_separator][vc_empty_space][vc_btn title=\u00a0\u00bbUne sp\u00e9cialit\u00e9 n&rsquo;est pas propos\u00e9e par notre Navigateur de Recherche? Contactez-nous pour nous en faire part. Nous l&rsquo;ajouterons pour votre plus grand Bonheur!\u00a0\u00bb style=\u00a0\u00bb3d\u00a0\u00bb shape=\u00a0\u00bbsquare\u00a0\u00bb color=\u00a0\u00bbdanger\u00a0\u00bb size=\u00a0\u00bblg\u00a0\u00bb align=\u00a0\u00bbcenter\u00a0\u00bb button_block=\u00a0\u00bbtrue\u00a0\u00bb link=\u00a0\u00bburl:https%3A%2F%2Fwetpussy.ch%2Ffr%2Fcontact%2F|||\u00a0\u00bb][\/vc_column_inner][\/vc_row_inner][vc_empty_space][\/vc_column][vc_column width=\u00a0\u00bb1\/4&Prime;][vc_widget_sidebar sidebar_id=\u00a0\u00bbwidgetfr\u00a0\u00bb][\/vc_column][\/vc_row][vc_row css=\u00a0\u00bb.vc_custom_1476174871551{background-color: rgba(0,53,62,0.75) !important;*background-color: rgb(0,53,62) !important;}\u00a0\u00bb][vc_column][vc_empty_space][\/vc_column][\/vc_row]<\/p>\n","protected":false},"excerpt":{"rendered":"<p>[vc_row css=\u00a0\u00bb.vc_custom_1471781083042{background-color: rgba(0,53,62,0.75) !important;*background-color: rgb(0,53,62) !important;}\u00a0\u00bb][vc_column width=\u00a0\u00bb3\/4&Prime;][vc_row_inner][vc_column_inner][vc_column_text] Escort Girls | Clubs | TS | TV | Boys | Massages | Hot Sex [\/vc_column_text][\/vc_column_inner][\/vc_row_inner][vc_separator][vc_single_image image=\u00a0\u00bb8464&Prime; img_size=\u00a0\u00bb\u00a0\u00bb alignment=\u00a0\u00bbcenter\u00a0\u00bb][vc_column_text] Le seul site qui vous permet de trouver pr\u00e9cis\u00e9ment ce que vous recherchez Notre Navigateur de Recherche fait toute la diff\u00e9rence [\/vc_column_text][vc_empty_space height=\u00a0\u00bb24px\u00a0\u00bb][vc_single_image image=\u00a0\u00bb9556&Prime; img_size=\u00a0\u00bbfull\u00a0\u00bb onclick=\u00a0\u00bbcustom_link\u00a0\u00bb link=\u00a0\u00bbhttps:\/\/sex-svizzera.ch\/fr\/le-meilleur-du-meilleur-rien-que-pour-vous\/\u00a0\u00bb][vc_column_text] Le Meilleur [&hellip;]<\/p>\n<div class=\"arrow-button-container\"><a class=\"arrow-button\" href=\"https:\/\/sex-svizzera.ch\/fr\/\">Read More<\/a><\/div>","protected":false},"author":2,"featured_media":0,"parent":0,"menu_order":0,"comment_status":"closed","ping_status":"closed","template":"","meta":{"footnotes":""},"ag_districts":[],"age":[],"anal-pleasure":[],"answer-to":[],"availability-within-a-week":[],"bdsm":[],"bosom":[],"breast":[],"certified":[],"charming-skin":[],"corpulence":[],"cup-eu":[],"dream-mouth":[],"ejaculations":[],"extreme-sex":[],"eye-colour":[],"fetishism":[],"five-stars-service":[],"from":[],"gender-or-style":[],"general-services":[],"hair-colour":[],"hair-length":[],"hair-type":[],"height":[],"how-is-the-reception":[],"lesboshow-threesome-foursome":[],"massage":[],"masturbation":[],"mother-tongue":[],"need-time":[],"origin":[],"piercings":[],"pubis-colour":[],"pubis-style":[],"safe-sex":[],"sex-toys":[],"shower":[],"skin":[],"spoken-language":[],"tattoos":[],"the-classics":[],"to":[],"weight":[],"where":[],"accepted-payment-methods":[],"ar-districts":[],"be-districts":[],"canton":[],"fr-districts":[],"gr-districts":[],"ju-districts":[],"lu-districts":[],"ne-districts":[],"sg-districts":[],"sh-districts":[],"so-districts":[],"sz-districts":[],"tg-districts":[],"ti-districts":[],"vd-districts":[],"vs-districts":[],"zg-districts":[],"zh-districts":[],"bl-districts":[],"widgetout":[4959],"class_list":["post-5031","page","type-page","status-publish","hentry","widgetout-widgetout-fr"],"yoast_head":"<!-- This site is optimized with the Yoast SEO plugin v27.3 - https:\/\/yoast.com\/product\/yoast-seo-wordpress\/ -->\n<title>Bienve-&gt;Nue - Nicest Escort Girls for Hot Sex In Svizzera<\/title>\n<meta name=\"robots\" content=\"index, follow, max-snippet:-1, max-image-preview:large, max-video-preview:-1\" \/>\n<link rel=\"canonical\" href=\"https:\/\/sex-svizzera.ch\/fr\/\" \/>\n<meta property=\"og:locale\" content=\"fr_FR\" \/>\n<meta property=\"og:type\" content=\"article\" \/>\n<meta property=\"og:title\" content=\"Bienve-&gt;Nue - Nicest Escort Girls for Hot Sex In Svizzera\" \/>\n<meta property=\"og:description\" content=\"[vc_row css=\u00a0\u00bb.vc_custom_1471781083042{background-color: rgba(0,53,62,0.75) !important;*background-color: rgb(0,53,62) !important;}\u00a0\u00bb][vc_column width=\u00a0\u00bb3\/4&Prime;][vc_row_inner][vc_column_inner][vc_column_text] Escort Girls | Clubs | TS | TV | Boys | Massages | Hot Sex [\/vc_column_text][\/vc_column_inner][\/vc_row_inner][vc_separator][vc_single_image image=\u00a0\u00bb8464&Prime; img_size=\u00a0\u00bb\u00a0\u00bb alignment=\u00a0\u00bbcenter\u00a0\u00bb][vc_column_text] Le seul site qui vous permet de trouver pr\u00e9cis\u00e9ment ce que vous recherchez Notre Navigateur de Recherche fait toute la diff\u00e9rence [\/vc_column_text][vc_empty_space height=\u00a0\u00bb24px\u00a0\u00bb][vc_single_image image=\u00a0\u00bb9556&Prime; img_size=\u00a0\u00bbfull\u00a0\u00bb onclick=\u00a0\u00bbcustom_link\u00a0\u00bb link=\u00a0\u00bbhttps:\/\/sex-svizzera.ch\/fr\/le-meilleur-du-meilleur-rien-que-pour-vous\/\u00a0\u00bb][vc_column_text] Le Meilleur [&hellip;]\" \/>\n<meta property=\"og:url\" content=\"https:\/\/sex-svizzera.ch\/fr\/\" \/>\n<meta property=\"og:site_name\" content=\"Nicest Escort Girls for Hot Sex In Svizzera\" \/>\n<meta property=\"article:modified_time\" content=\"2018-01-25T09:41:59+00:00\" \/>\n<meta name=\"twitter:card\" content=\"summary_large_image\" \/>\n<meta name=\"twitter:label1\" content=\"Dur\u00e9e de lecture estim\u00e9e\" \/>\n\t<meta name=\"twitter:data1\" content=\"2 minutes\" \/>\n<script type=\"application\/ld+json\" class=\"yoast-schema-graph\">{\"@context\":\"https:\\\/\\\/schema.org\",\"@graph\":[{\"@type\":\"WebPage\",\"@id\":\"https:\\\/\\\/sex-svizzera.ch\\\/fr\\\/\",\"url\":\"https:\\\/\\\/sex-svizzera.ch\\\/fr\\\/\",\"name\":\"Bienve->Nue - Nicest Escort Girls for Hot Sex In Svizzera\",\"isPartOf\":{\"@id\":\"https:\\\/\\\/sex-svizzera.ch\\\/#website\"},\"datePublished\":\"2016-10-13T14:56:58+00:00\",\"dateModified\":\"2018-01-25T09:41:59+00:00\",\"breadcrumb\":{\"@id\":\"https:\\\/\\\/sex-svizzera.ch\\\/fr\\\/#breadcrumb\"},\"inLanguage\":\"fr-FR\",\"potentialAction\":[{\"@type\":\"ReadAction\",\"target\":[\"https:\\\/\\\/sex-svizzera.ch\\\/fr\\\/\"]}]},{\"@type\":\"BreadcrumbList\",\"@id\":\"https:\\\/\\\/sex-svizzera.ch\\\/fr\\\/#breadcrumb\",\"itemListElement\":[{\"@type\":\"ListItem\",\"position\":1,\"name\":\"Accueil\",\"item\":\"https:\\\/\\\/sex-svizzera.ch\\\/fr\\\/\"},{\"@type\":\"ListItem\",\"position\":2,\"name\":\"Bienve->Nue\"}]},{\"@type\":\"WebSite\",\"@id\":\"https:\\\/\\\/sex-svizzera.ch\\\/#website\",\"url\":\"https:\\\/\\\/sex-svizzera.ch\\\/\",\"name\":\"Nicest Escort Girls for Hot Sex In Svizzera\",\"description\":\"Encounters Rencontres Treffen Incontri\",\"potentialAction\":[{\"@type\":\"SearchAction\",\"target\":{\"@type\":\"EntryPoint\",\"urlTemplate\":\"https:\\\/\\\/sex-svizzera.ch\\\/?s={search_term_string}\"},\"query-input\":{\"@type\":\"PropertyValueSpecification\",\"valueRequired\":true,\"valueName\":\"search_term_string\"}}],\"inLanguage\":\"fr-FR\"}]}<\/script>\n<!-- \/ Yoast SEO plugin. -->","yoast_head_json":{"title":"Bienve->Nue - Nicest Escort Girls for Hot Sex In Svizzera","robots":{"index":"index","follow":"follow","max-snippet":"max-snippet:-1","max-image-preview":"max-image-preview:large","max-video-preview":"max-video-preview:-1"},"canonical":"https:\/\/sex-svizzera.ch\/fr\/","og_locale":"fr_FR","og_type":"article","og_title":"Bienve->Nue - Nicest Escort Girls for Hot Sex In Svizzera","og_description":"[vc_row css=\u00a0\u00bb.vc_custom_1471781083042{background-color: rgba(0,53,62,0.75) !important;*background-color: rgb(0,53,62) !important;}\u00a0\u00bb][vc_column width=\u00a0\u00bb3\/4&Prime;][vc_row_inner][vc_column_inner][vc_column_text] Escort Girls | Clubs | TS | TV | Boys | Massages | Hot Sex [\/vc_column_text][\/vc_column_inner][\/vc_row_inner][vc_separator][vc_single_image image=\u00a0\u00bb8464&Prime; img_size=\u00a0\u00bb\u00a0\u00bb alignment=\u00a0\u00bbcenter\u00a0\u00bb][vc_column_text] Le seul site qui vous permet de trouver pr\u00e9cis\u00e9ment ce que vous recherchez Notre Navigateur de Recherche fait toute la diff\u00e9rence [\/vc_column_text][vc_empty_space height=\u00a0\u00bb24px\u00a0\u00bb][vc_single_image image=\u00a0\u00bb9556&Prime; img_size=\u00a0\u00bbfull\u00a0\u00bb onclick=\u00a0\u00bbcustom_link\u00a0\u00bb link=\u00a0\u00bbhttps:\/\/sex-svizzera.ch\/fr\/le-meilleur-du-meilleur-rien-que-pour-vous\/\u00a0\u00bb][vc_column_text] Le Meilleur [&hellip;]","og_url":"https:\/\/sex-svizzera.ch\/fr\/","og_site_name":"Nicest Escort Girls for Hot Sex In Svizzera","article_modified_time":"2018-01-25T09:41:59+00:00","twitter_card":"summary_large_image","twitter_misc":{"Dur\u00e9e de lecture estim\u00e9e":"2 minutes"},"schema":{"@context":"https:\/\/schema.org","@graph":[{"@type":"WebPage","@id":"https:\/\/sex-svizzera.ch\/fr\/","url":"https:\/\/sex-svizzera.ch\/fr\/","name":"Bienve->Nue - Nicest Escort Girls for Hot Sex In Svizzera","isPartOf":{"@id":"https:\/\/sex-svizzera.ch\/#website"},"datePublished":"2016-10-13T14:56:58+00:00","dateModified":"2018-01-25T09:41:59+00:00","breadcrumb":{"@id":"https:\/\/sex-svizzera.ch\/fr\/#breadcrumb"},"inLanguage":"fr-FR","potentialAction":[{"@type":"ReadAction","target":["https:\/\/sex-svizzera.ch\/fr\/"]}]},{"@type":"BreadcrumbList","@id":"https:\/\/sex-svizzera.ch\/fr\/#breadcrumb","itemListElement":[{"@type":"ListItem","position":1,"name":"Accueil","item":"https:\/\/sex-svizzera.ch\/fr\/"},{"@type":"ListItem","position":2,"name":"Bienve->Nue"}]},{"@type":"WebSite","@id":"https:\/\/sex-svizzera.ch\/#website","url":"https:\/\/sex-svizzera.ch\/","name":"Nicest Escort Girls for Hot Sex In Svizzera","description":"Encounters Rencontres Treffen Incontri","potentialAction":[{"@type":"SearchAction","target":{"@type":"EntryPoint","urlTemplate":"https:\/\/sex-svizzera.ch\/?s={search_term_string}"},"query-input":{"@type":"PropertyValueSpecification","valueRequired":true,"valueName":"search_term_string"}}],"inLanguage":"fr-FR"}]}},"publishpress_future_action":{"enabled":false,"date":"2026-04-11 10:57:26","action":"change-status","newStatus":"draft","terms":[],"taxonomy":"ag_districts","extraData":[]},"publishpress_future_workflow_manual_trigger":{"enabledWorkflows":[]},"_links":{"self":[{"href":"https:\/\/sex-svizzera.ch\/fr\/wp-json\/wp\/v2\/pages\/5031","targetHints":{"allow":["GET"]}}],"collection":[{"href":"https:\/\/sex-svizzera.ch\/fr\/wp-json\/wp\/v2\/pages"}],"about":[{"href":"https:\/\/sex-svizzera.ch\/fr\/wp-json\/wp\/v2\/types\/page"}],"author":[{"embeddable":true,"href":"https:\/\/sex-svizzera.ch\/fr\/wp-json\/wp\/v2\/users\/2"}],"replies":[{"embeddable":true,"href":"https:\/\/sex-svizzera.ch\/fr\/wp-json\/wp\/v2\/comments?post=5031"}],"version-history":[{"count":26,"href":"https:\/\/sex-svizzera.ch\/fr\/wp-json\/wp\/v2\/pages\/5031\/revisions"}],"predecessor-version":[{"id":9561,"href":"https:\/\/sex-svizzera.ch\/fr\/wp-json\/wp\/v2\/pages\/5031\/revisions\/9561"}],"wp:attachment":[{"href":"https:\/\/sex-svizzera.ch\/fr\/wp-json\/wp\/v2\/media?parent=5031"}],"wp:term":[{"taxonomy":"ag_districts","embeddable":true,"href":"https:\/\/sex-svizzera.ch\/fr\/wp-json\/wp\/v2\/ag_districts?post=5031"},{"taxonomy":"age","embeddable":true,"href":"https:\/\/sex-svizzera.ch\/fr\/wp-json\/wp\/v2\/age?post=5031"},{"taxonomy":"anal-pleasure","embeddable":true,"href":"https:\/\/sex-svizzera.ch\/fr\/wp-json\/wp\/v2\/anal-pleasure?post=5031"},{"taxonomy":"answer-to","embeddable":true,"href":"https:\/\/sex-svizzera.ch\/fr\/wp-json\/wp\/v2\/answer-to?post=5031"},{"taxonomy":"availability-within-a-week","embeddable":true,"href":"https:\/\/sex-svizzera.ch\/fr\/wp-json\/wp\/v2\/availability-within-a-week?post=5031"},{"taxonomy":"bdsm","embeddable":true,"href":"https:\/\/sex-svizzera.ch\/fr\/wp-json\/wp\/v2\/bdsm?post=5031"},{"taxonomy":"bosom","embeddable":true,"href":"https:\/\/sex-svizzera.ch\/fr\/wp-json\/wp\/v2\/bosom?post=5031"},{"taxonomy":"breast","embeddable":true,"href":"https:\/\/sex-svizzera.ch\/fr\/wp-json\/wp\/v2\/breast?post=5031"},{"taxonomy":"certified","embeddable":true,"href":"https:\/\/sex-svizzera.ch\/fr\/wp-json\/wp\/v2\/certified?post=5031"},{"taxonomy":"charming-skin","embeddable":true,"href":"https:\/\/sex-svizzera.ch\/fr\/wp-json\/wp\/v2\/charming-skin?post=5031"},{"taxonomy":"corpulence","embeddable":true,"href":"https:\/\/sex-svizzera.ch\/fr\/wp-json\/wp\/v2\/corpulence?post=5031"},{"taxonomy":"cup-eu","embeddable":true,"href":"https:\/\/sex-svizzera.ch\/fr\/wp-json\/wp\/v2\/cup-eu?post=5031"},{"taxonomy":"dream-mouth","embeddable":true,"href":"https:\/\/sex-svizzera.ch\/fr\/wp-json\/wp\/v2\/dream-mouth?post=5031"},{"taxonomy":"ejaculations","embeddable":true,"href":"https:\/\/sex-svizzera.ch\/fr\/wp-json\/wp\/v2\/ejaculations?post=5031"},{"taxonomy":"extreme-sex","embeddable":true,"href":"https:\/\/sex-svizzera.ch\/fr\/wp-json\/wp\/v2\/extreme-sex?post=5031"},{"taxonomy":"eye-colour","embeddable":true,"href":"https:\/\/sex-svizzera.ch\/fr\/wp-json\/wp\/v2\/eye-colour?post=5031"},{"taxonomy":"fetishism","embeddable":true,"href":"https:\/\/sex-svizzera.ch\/fr\/wp-json\/wp\/v2\/fetishism?post=5031"},{"taxonomy":"five-stars-service","embeddable":true,"href":"https:\/\/sex-svizzera.ch\/fr\/wp-json\/wp\/v2\/five-stars-service?post=5031"},{"taxonomy":"from","embeddable":true,"href":"https:\/\/sex-svizzera.ch\/fr\/wp-json\/wp\/v2\/from?post=5031"},{"taxonomy":"gender-or-style","embeddable":true,"href":"https:\/\/sex-svizzera.ch\/fr\/wp-json\/wp\/v2\/gender-or-style?post=5031"},{"taxonomy":"general-services","embeddable":true,"href":"https:\/\/sex-svizzera.ch\/fr\/wp-json\/wp\/v2\/general-services?post=5031"},{"taxonomy":"hair-colour","embeddable":true,"href":"https:\/\/sex-svizzera.ch\/fr\/wp-json\/wp\/v2\/hair-colour?post=5031"},{"taxonomy":"hair-length","embeddable":true,"href":"https:\/\/sex-svizzera.ch\/fr\/wp-json\/wp\/v2\/hair-length?post=5031"},{"taxonomy":"hair-type","embeddable":true,"href":"https:\/\/sex-svizzera.ch\/fr\/wp-json\/wp\/v2\/hair-type?post=5031"},{"taxonomy":"height","embeddable":true,"href":"https:\/\/sex-svizzera.ch\/fr\/wp-json\/wp\/v2\/height?post=5031"},{"taxonomy":"how-is-the-reception","embeddable":true,"href":"https:\/\/sex-svizzera.ch\/fr\/wp-json\/wp\/v2\/how-is-the-reception?post=5031"},{"taxonomy":"lesboshow-threesome-foursome","embeddable":true,"href":"https:\/\/sex-svizzera.ch\/fr\/wp-json\/wp\/v2\/lesboshow-threesome-foursome?post=5031"},{"taxonomy":"massage","embeddable":true,"href":"https:\/\/sex-svizzera.ch\/fr\/wp-json\/wp\/v2\/massage?post=5031"},{"taxonomy":"masturbation","embeddable":true,"href":"https:\/\/sex-svizzera.ch\/fr\/wp-json\/wp\/v2\/masturbation?post=5031"},{"taxonomy":"mother-tongue","embeddable":true,"href":"https:\/\/sex-svizzera.ch\/fr\/wp-json\/wp\/v2\/mother-tongue?post=5031"},{"taxonomy":"need-time","embeddable":true,"href":"https:\/\/sex-svizzera.ch\/fr\/wp-json\/wp\/v2\/need-time?post=5031"},{"taxonomy":"origin","embeddable":true,"href":"https:\/\/sex-svizzera.ch\/fr\/wp-json\/wp\/v2\/origin?post=5031"},{"taxonomy":"piercings","embeddable":true,"href":"https:\/\/sex-svizzera.ch\/fr\/wp-json\/wp\/v2\/piercings?post=5031"},{"taxonomy":"pubis-colour","embeddable":true,"href":"https:\/\/sex-svizzera.ch\/fr\/wp-json\/wp\/v2\/pubis-colour?post=5031"},{"taxonomy":"pubis-style","embeddable":true,"href":"https:\/\/sex-svizzera.ch\/fr\/wp-json\/wp\/v2\/pubis-style?post=5031"},{"taxonomy":"safe-sex","embeddable":true,"href":"https:\/\/sex-svizzera.ch\/fr\/wp-json\/wp\/v2\/safe-sex?post=5031"},{"taxonomy":"sex-toys","embeddable":true,"href":"https:\/\/sex-svizzera.ch\/fr\/wp-json\/wp\/v2\/sex-toys?post=5031"},{"taxonomy":"shower","embeddable":true,"href":"https:\/\/sex-svizzera.ch\/fr\/wp-json\/wp\/v2\/shower?post=5031"},{"taxonomy":"skin","embeddable":true,"href":"https:\/\/sex-svizzera.ch\/fr\/wp-json\/wp\/v2\/skin?post=5031"},{"taxonomy":"spoken-language","embeddable":true,"href":"https:\/\/sex-svizzera.ch\/fr\/wp-json\/wp\/v2\/spoken-language?post=5031"},{"taxonomy":"tattoos","embeddable":true,"href":"https:\/\/sex-svizzera.ch\/fr\/wp-json\/wp\/v2\/tattoos?post=5031"},{"taxonomy":"the-classics","embeddable":true,"href":"https:\/\/sex-svizzera.ch\/fr\/wp-json\/wp\/v2\/the-classics?post=5031"},{"taxonomy":"to","embeddable":true,"href":"https:\/\/sex-svizzera.ch\/fr\/wp-json\/wp\/v2\/to?post=5031"},{"taxonomy":"weight","embeddable":true,"href":"https:\/\/sex-svizzera.ch\/fr\/wp-json\/wp\/v2\/weight?post=5031"},{"taxonomy":"where","embeddable":true,"href":"https:\/\/sex-svizzera.ch\/fr\/wp-json\/wp\/v2\/where?post=5031"},{"taxonomy":"accepted-payment-methods","embeddable":true,"href":"https:\/\/sex-svizzera.ch\/fr\/wp-json\/wp\/v2\/accepted-payment-methods?post=5031"},{"taxonomy":"ar-districts","embeddable":true,"href":"https:\/\/sex-svizzera.ch\/fr\/wp-json\/wp\/v2\/ar-districts?post=5031"},{"taxonomy":"be-districts","embeddable":true,"href":"https:\/\/sex-svizzera.ch\/fr\/wp-json\/wp\/v2\/be-districts?post=5031"},{"taxonomy":"canton","embeddable":true,"href":"https:\/\/sex-svizzera.ch\/fr\/wp-json\/wp\/v2\/canton?post=5031"},{"taxonomy":"fr-districts","embeddable":true,"href":"https:\/\/sex-svizzera.ch\/fr\/wp-json\/wp\/v2\/fr-districts?post=5031"},{"taxonomy":"gr-districts","embeddable":true,"href":"https:\/\/sex-svizzera.ch\/fr\/wp-json\/wp\/v2\/gr-districts?post=5031"},{"taxonomy":"ju-districts","embeddable":true,"href":"https:\/\/sex-svizzera.ch\/fr\/wp-json\/wp\/v2\/ju-districts?post=5031"},{"taxonomy":"lu-districts","embeddable":true,"href":"https:\/\/sex-svizzera.ch\/fr\/wp-json\/wp\/v2\/lu-districts?post=5031"},{"taxonomy":"ne-districts","embeddable":true,"href":"https:\/\/sex-svizzera.ch\/fr\/wp-json\/wp\/v2\/ne-districts?post=5031"},{"taxonomy":"sg-districts","embeddable":true,"href":"https:\/\/sex-svizzera.ch\/fr\/wp-json\/wp\/v2\/sg-districts?post=5031"},{"taxonomy":"sh-districts","embeddable":true,"href":"https:\/\/sex-svizzera.ch\/fr\/wp-json\/wp\/v2\/sh-districts?post=5031"},{"taxonomy":"so-districts","embeddable":true,"href":"https:\/\/sex-svizzera.ch\/fr\/wp-json\/wp\/v2\/so-districts?post=5031"},{"taxonomy":"sz-districts","embeddable":true,"href":"https:\/\/sex-svizzera.ch\/fr\/wp-json\/wp\/v2\/sz-districts?post=5031"},{"taxonomy":"tg-districts","embeddable":true,"href":"https:\/\/sex-svizzera.ch\/fr\/wp-json\/wp\/v2\/tg-districts?post=5031"},{"taxonomy":"ti-districts","embeddable":true,"href":"https:\/\/sex-svizzera.ch\/fr\/wp-json\/wp\/v2\/ti-districts?post=5031"},{"taxonomy":"vd-districts","embeddable":true,"href":"https:\/\/sex-svizzera.ch\/fr\/wp-json\/wp\/v2\/vd-districts?post=5031"},{"taxonomy":"vs-districts","embeddable":true,"href":"https:\/\/sex-svizzera.ch\/fr\/wp-json\/wp\/v2\/vs-districts?post=5031"},{"taxonomy":"zg-districts","embeddable":true,"href":"https:\/\/sex-svizzera.ch\/fr\/wp-json\/wp\/v2\/zg-districts?post=5031"},{"taxonomy":"zh-districts","embeddable":true,"href":"https:\/\/sex-svizzera.ch\/fr\/wp-json\/wp\/v2\/zh-districts?post=5031"},{"taxonomy":"bl-districts","embeddable":true,"href":"https:\/\/sex-svizzera.ch\/fr\/wp-json\/wp\/v2\/bl-districts?post=5031"},{"taxonomy":"widgetout","embeddable":true,"href":"https:\/\/sex-svizzera.ch\/fr\/wp-json\/wp\/v2\/widgetout?post=5031"}],"curies":[{"name":"wp","href":"https:\/\/api.w.org\/{rel}","templated":true}]}}