{"id":5049,"date":"2016-10-13T15:21:48","date_gmt":"2016-10-13T13:21:48","guid":{"rendered":"http:\/\/wetpussy.ch\/it\/wel-cum\/"},"modified":"2018-01-25T10:54:05","modified_gmt":"2018-01-25T09:54:05","slug":"benve-nudo","status":"publish","type":"page","link":"https:\/\/sex-svizzera.ch\/it\/","title":{"rendered":"Benve->Nudo"},"content":{"rendered":"<p>[vc_row css=&#8221;.vc_custom_1471781083042{background-color: rgba(0,53,62,0.75) !important;*background-color: rgb(0,53,62) !important;}&#8221;][vc_column width=&#8221;3\/4&#8243;][vc_row_inner][vc_column_inner][vc_column_text]<\/p>\n<h2>Escort Girls | Clubs | TS | TV | Boys | Massaggi | Hot Sex<\/h2>\n<p>[\/vc_column_text][\/vc_column_inner][\/vc_row_inner][vc_separator][vc_single_image image=&#8221;8464&#8243; img_size=&#8221;&#8221; alignment=&#8221;center&#8221;][vc_column_text]<\/p>\n<h3 style=\"text-align: center;\"><strong>L&#8217;unico sito che permette di trovare esattamente quello che stai cercando<\/strong><br \/>\nIl nostro <a href=\"http:\/\/#ppsShowPopUp_103\"><strong>Navigatore di Ricerca<\/strong><\/a> fa la differenza<\/h3>\n<p>[\/vc_column_text][vc_empty_space height=&#8221;24px&#8221;][vc_single_image image=&#8221;9556&#8243; img_size=&#8221;full&#8221; onclick=&#8221;custom_link&#8221; link=&#8221;https:\/\/sex-svizzera.ch\/it\/il-meglio-del-meglio-solo-per-voi\/&#8221;][vc_column_text]<\/p>\n<h2 style=\"text-align: center;\"><a href=\"https:\/\/sex-svizzera.ch\/it\/il-meglio-del-meglio-solo-per-voi\/\"><span id=\"result_box\" class=\"short_text\" lang=\"it\" tabindex=\"-1\">Il Meglio Del Meglio Solo Per Voi<\/span><\/a><\/h2>\n<p>[\/vc_column_text][vc_empty_space][vc_row_inner][vc_column_inner width=&#8221;1\/2&#8243;][vc_single_image image=&#8221;5007&#8243; img_size=&#8221;full&#8221; alignment=&#8221;center&#8221; style=&#8221;vc_box_shadow_3d&#8221; onclick=&#8221;custom_link&#8221; link=&#8221;https:\/\/sex-svizzera.ch\/it\/conquistame\/&#8221;][vc_column_text css_animation=&#8221;bottom-to-top&#8221;]<\/p>\n<h2 style=\"text-align: center;\"><a href=\"https:\/\/sex-svizzera.ch\/it\/conquistame\/\"><span id=\"result_box\" class=\"short_text\" lang=\"it\" tabindex=\"-1\"><span class=\"\">Selezionare La Vostra Regione<\/span><\/span><\/a><\/h2>\n<p>[\/vc_column_text][vc_separator][vc_empty_space][\/vc_column_inner][vc_column_inner width=&#8221;1\/2&#8243;][vc_single_image image=&#8221;5015&#8243; img_size=&#8221;full&#8221; alignment=&#8221;center&#8221; style=&#8221;vc_box_shadow_3d&#8221; onclick=&#8221;custom_link&#8221; link=&#8221;https:\/\/sex-svizzera.ch\/it\/nuovi-annunci-per-voi\/&#8221;][vc_column_text css_animation=&#8221;bottom-to-top&#8221;]<\/p>\n<h2 style=\"text-align: center;\"><a href=\"https:\/\/sex-svizzera.ch\/it\/nuovi-annunci-per-voi\/\"><span id=\"result_box\" class=\"short_text\" lang=\"it\" tabindex=\"-1\"><span class=\"\">Nuovi Annunci<\/span> Per Voi<\/span><\/a><\/h2>\n<p>[\/vc_column_text][vc_separator][vc_empty_space][\/vc_column_inner][\/vc_row_inner][vc_row_inner][vc_column_inner width=&#8221;1\/2&#8243;][vc_single_image image=&#8221;5019&#8243; img_size=&#8221;full&#8221; alignment=&#8221;center&#8221; style=&#8221;vc_box_shadow_3d&#8221; onclick=&#8221;custom_link&#8221; link=&#8221;https:\/\/sex-svizzera.ch\/it\/i-20-piu-popolari\/&#8221;][vc_column_text css_animation=&#8221;bottom-to-top&#8221;]<\/p>\n<h2 style=\"text-align: center;\"><a href=\"https:\/\/sex-svizzera.ch\/it\/i-20-piu-popolari\/\"><span id=\"result_box\" class=\"short_text\" lang=\"it\" tabindex=\"-1\">I 20 P<span class=\"\">i\u00f9 Popolari<\/span><\/span><\/a><\/h2>\n<p>[\/vc_column_text][vc_separator][vc_empty_space][\/vc_column_inner][vc_column_inner width=&#8221;1\/2&#8243;][vc_single_image image=&#8221;5011&#8243; img_size=&#8221;full&#8221; alignment=&#8221;center&#8221; style=&#8221;vc_box_shadow_3d&#8221; onclick=&#8221;custom_link&#8221; link=&#8221;https:\/\/sex-svizzera.ch\/it\/il-20-piu-visti-di-tutti-i-tempi\/&#8221;][vc_column_text css_animation=&#8221;bottom-to-top&#8221;]<\/p>\n<h2 style=\"text-align: center;\"><a href=\"https:\/\/sex-svizzera.ch\/it\/il-20-piu-visti-di-tutti-i-tempi\/\"><span id=\"result_box\" class=\"short_text\" lang=\"it\" tabindex=\"-1\">I 20 P<span class=\"\">i\u00f9 Visti<\/span><\/span><\/a><\/h2>\n<p>[\/vc_column_text][vc_separator][vc_empty_space][\/vc_column_inner][\/vc_row_inner][vc_row_inner][vc_column_inner][vc_single_image image=&#8221;8487&#8243; img_size=&#8221;full&#8221; alignment=&#8221;center&#8221; style=&#8221;vc_box_shadow_3d&#8221; onclick=&#8221;custom_link&#8221; link=&#8221;https:\/\/wetpussy.ch\/it\/come-pubblicare-il-tuo-annuncio\/&#8221;][vc_column_text css_animation=&#8221;bottom-to-top&#8221;]<\/p>\n<h2 style=\"text-align: center;\"><a href=\"https:\/\/wetpussy.ch\/it\/come-pubblicare-il-tuo-annuncio\/\"><span id=\"result_box\" class=\"short_text\" lang=\"it\" tabindex=\"-1\">Come pubblicare il tuo annuncio<\/span><\/a><\/h2>\n<p>[\/vc_column_text][vc_empty_space][vc_separator][vc_empty_space][\/vc_column_inner][\/vc_row_inner][vc_btn title=&#8221;Una specialit\u00e0 non \u00e8 offerta dal nostro Navigatore di Ricerca? Contattaci per farci sapere. Noi aggiungerlo alla tua pi\u00f9 grande Felicit\u00e0!&#8221; style=&#8221;3d&#8221; shape=&#8221;square&#8221; color=&#8221;danger&#8221; size=&#8221;lg&#8221; align=&#8221;center&#8221; button_block=&#8221;true&#8221; link=&#8221;url:https%3A%2F%2Fwetpussy.ch%2Fit%2Fcontact%2F|||&#8221;][vc_empty_space][\/vc_column][vc_column width=&#8221;1\/4&#8243;][vc_widget_sidebar sidebar_id=&#8221;widgetit&#8221;][\/vc_column][\/vc_row][vc_row css=&#8221;.vc_custom_1476174871551{background-color: rgba(0,53,62,0.75) !important;*background-color: rgb(0,53,62) !important;}&#8221;][vc_column][vc_empty_space][\/vc_column][\/vc_row]<\/p>\n","protected":false},"excerpt":{"rendered":"<p>[vc_row css=&#8221;.vc_custom_1471781083042{background-color: rgba(0,53,62,0.75) !important;*background-color: rgb(0,53,62) !important;}&#8221;][vc_column width=&#8221;3\/4&#8243;][vc_row_inner][vc_column_inner][vc_column_text] Escort Girls | Clubs | TS | TV | Boys | Massaggi | Hot Sex [\/vc_column_text][\/vc_column_inner][\/vc_row_inner][vc_separator][vc_single_image image=&#8221;8464&#8243; img_size=&#8221;&#8221; alignment=&#8221;center&#8221;][vc_column_text] L&#8217;unico sito che permette di trovare esattamente quello che stai cercando Il nostro Navigatore di Ricerca fa la differenza [\/vc_column_text][vc_empty_space height=&#8221;24px&#8221;][vc_single_image image=&#8221;9556&#8243; img_size=&#8221;full&#8221; onclick=&#8221;custom_link&#8221; link=&#8221;https:\/\/sex-svizzera.ch\/it\/il-meglio-del-meglio-solo-per-voi\/&#8221;][vc_column_text] Il Meglio Del Meglio [&hellip;]<\/p>\n<div class=\"arrow-button-container\"><a class=\"arrow-button\" href=\"https:\/\/sex-svizzera.ch\/it\/\">Read More<\/a><\/div>","protected":false},"author":2,"featured_media":0,"parent":0,"menu_order":0,"comment_status":"closed","ping_status":"closed","template":"","meta":{"footnotes":""},"ag_districts":[],"age":[],"anal-pleasure":[],"answer-to":[],"availability-within-a-week":[],"bdsm":[],"bosom":[],"breast":[],"certified":[],"charming-skin":[],"corpulence":[],"cup-eu":[],"dream-mouth":[],"ejaculations":[],"extreme-sex":[],"eye-colour":[],"fetishism":[],"five-stars-service":[],"from":[],"gender-or-style":[],"general-services":[],"hair-colour":[],"hair-length":[],"hair-type":[],"height":[],"how-is-the-reception":[],"lesboshow-threesome-foursome":[],"massage":[],"masturbation":[],"mother-tongue":[],"need-time":[],"origin":[],"piercings":[],"pubis-colour":[],"pubis-style":[],"safe-sex":[],"sex-toys":[],"shower":[],"skin":[],"spoken-language":[],"tattoos":[],"the-classics":[],"to":[],"weight":[],"where":[],"accepted-payment-methods":[],"ar-districts":[],"be-districts":[],"canton":[],"fr-districts":[],"gr-districts":[],"ju-districts":[],"lu-districts":[],"ne-districts":[],"sg-districts":[],"sh-districts":[],"so-districts":[],"sz-districts":[],"tg-districts":[],"ti-districts":[],"vd-districts":[],"vs-districts":[],"zg-districts":[],"zh-districts":[],"bl-districts":[],"widgetout":[4961],"class_list":["post-5049","page","type-page","status-publish","hentry","widgetout-widgetout-it"],"yoast_head":"<!-- This site is optimized with the Yoast SEO plugin v27.3 - https:\/\/yoast.com\/product\/yoast-seo-wordpress\/ -->\n<title>Benve-&gt;Nudo - Nicest Escort Girls for Hot Sex In Svizzera<\/title>\n<meta name=\"robots\" content=\"index, follow, max-snippet:-1, max-image-preview:large, max-video-preview:-1\" \/>\n<link rel=\"canonical\" href=\"https:\/\/sex-svizzera.ch\/it\/\" \/>\n<meta property=\"og:locale\" content=\"it_IT\" \/>\n<meta property=\"og:type\" content=\"article\" \/>\n<meta property=\"og:title\" content=\"Benve-&gt;Nudo - Nicest Escort Girls for Hot Sex In Svizzera\" \/>\n<meta property=\"og:description\" content=\"[vc_row css=&#8221;.vc_custom_1471781083042{background-color: rgba(0,53,62,0.75) !important;*background-color: rgb(0,53,62) !important;}&#8221;][vc_column width=&#8221;3\/4&#8243;][vc_row_inner][vc_column_inner][vc_column_text] Escort Girls | Clubs | TS | TV | Boys | Massaggi | Hot Sex [\/vc_column_text][\/vc_column_inner][\/vc_row_inner][vc_separator][vc_single_image image=&#8221;8464&#8243; img_size=&#8221;&#8221; alignment=&#8221;center&#8221;][vc_column_text] L&#8217;unico sito che permette di trovare esattamente quello che stai cercando Il nostro Navigatore di Ricerca fa la differenza [\/vc_column_text][vc_empty_space height=&#8221;24px&#8221;][vc_single_image image=&#8221;9556&#8243; img_size=&#8221;full&#8221; onclick=&#8221;custom_link&#8221; link=&#8221;https:\/\/sex-svizzera.ch\/it\/il-meglio-del-meglio-solo-per-voi\/&#8221;][vc_column_text] Il Meglio Del Meglio [&hellip;]\" \/>\n<meta property=\"og:url\" content=\"https:\/\/sex-svizzera.ch\/it\/\" \/>\n<meta property=\"og:site_name\" content=\"Nicest Escort Girls for Hot Sex In Svizzera\" \/>\n<meta property=\"article:modified_time\" content=\"2018-01-25T09:54:05+00:00\" \/>\n<meta name=\"twitter:card\" content=\"summary_large_image\" \/>\n<meta name=\"twitter:label1\" content=\"Tempo di lettura stimato\" \/>\n\t<meta name=\"twitter:data1\" content=\"2 minuti\" \/>\n<script type=\"application\/ld+json\" class=\"yoast-schema-graph\">{\"@context\":\"https:\\\/\\\/schema.org\",\"@graph\":[{\"@type\":\"WebPage\",\"@id\":\"https:\\\/\\\/sex-svizzera.ch\\\/it\\\/\",\"url\":\"https:\\\/\\\/sex-svizzera.ch\\\/it\\\/\",\"name\":\"Benve->Nudo - Nicest Escort Girls for Hot Sex In Svizzera\",\"isPartOf\":{\"@id\":\"https:\\\/\\\/sex-svizzera.ch\\\/#website\"},\"datePublished\":\"2016-10-13T13:21:48+00:00\",\"dateModified\":\"2018-01-25T09:54:05+00:00\",\"breadcrumb\":{\"@id\":\"https:\\\/\\\/sex-svizzera.ch\\\/it\\\/#breadcrumb\"},\"inLanguage\":\"it-IT\",\"potentialAction\":[{\"@type\":\"ReadAction\",\"target\":[\"https:\\\/\\\/sex-svizzera.ch\\\/it\\\/\"]}]},{\"@type\":\"BreadcrumbList\",\"@id\":\"https:\\\/\\\/sex-svizzera.ch\\\/it\\\/#breadcrumb\",\"itemListElement\":[{\"@type\":\"ListItem\",\"position\":1,\"name\":\"Accueil\",\"item\":\"https:\\\/\\\/sex-svizzera.ch\\\/it\\\/\"},{\"@type\":\"ListItem\",\"position\":2,\"name\":\"Benve->Nudo\"}]},{\"@type\":\"WebSite\",\"@id\":\"https:\\\/\\\/sex-svizzera.ch\\\/#website\",\"url\":\"https:\\\/\\\/sex-svizzera.ch\\\/\",\"name\":\"Nicest Escort Girls for Hot Sex In Svizzera\",\"description\":\"Encounters Rencontres Treffen Incontri\",\"potentialAction\":[{\"@type\":\"SearchAction\",\"target\":{\"@type\":\"EntryPoint\",\"urlTemplate\":\"https:\\\/\\\/sex-svizzera.ch\\\/?s={search_term_string}\"},\"query-input\":{\"@type\":\"PropertyValueSpecification\",\"valueRequired\":true,\"valueName\":\"search_term_string\"}}],\"inLanguage\":\"it-IT\"}]}<\/script>\n<!-- \/ Yoast SEO plugin. -->","yoast_head_json":{"title":"Benve->Nudo - Nicest Escort Girls for Hot Sex In Svizzera","robots":{"index":"index","follow":"follow","max-snippet":"max-snippet:-1","max-image-preview":"max-image-preview:large","max-video-preview":"max-video-preview:-1"},"canonical":"https:\/\/sex-svizzera.ch\/it\/","og_locale":"it_IT","og_type":"article","og_title":"Benve->Nudo - Nicest Escort Girls for Hot Sex In Svizzera","og_description":"[vc_row css=&#8221;.vc_custom_1471781083042{background-color: rgba(0,53,62,0.75) !important;*background-color: rgb(0,53,62) !important;}&#8221;][vc_column width=&#8221;3\/4&#8243;][vc_row_inner][vc_column_inner][vc_column_text] Escort Girls | Clubs | TS | TV | Boys | Massaggi | Hot Sex [\/vc_column_text][\/vc_column_inner][\/vc_row_inner][vc_separator][vc_single_image image=&#8221;8464&#8243; img_size=&#8221;&#8221; alignment=&#8221;center&#8221;][vc_column_text] L&#8217;unico sito che permette di trovare esattamente quello che stai cercando Il nostro Navigatore di Ricerca fa la differenza [\/vc_column_text][vc_empty_space height=&#8221;24px&#8221;][vc_single_image image=&#8221;9556&#8243; img_size=&#8221;full&#8221; onclick=&#8221;custom_link&#8221; link=&#8221;https:\/\/sex-svizzera.ch\/it\/il-meglio-del-meglio-solo-per-voi\/&#8221;][vc_column_text] Il Meglio Del Meglio [&hellip;]","og_url":"https:\/\/sex-svizzera.ch\/it\/","og_site_name":"Nicest Escort Girls for Hot Sex In Svizzera","article_modified_time":"2018-01-25T09:54:05+00:00","twitter_card":"summary_large_image","twitter_misc":{"Tempo di lettura stimato":"2 minuti"},"schema":{"@context":"https:\/\/schema.org","@graph":[{"@type":"WebPage","@id":"https:\/\/sex-svizzera.ch\/it\/","url":"https:\/\/sex-svizzera.ch\/it\/","name":"Benve->Nudo - Nicest Escort Girls for Hot Sex In Svizzera","isPartOf":{"@id":"https:\/\/sex-svizzera.ch\/#website"},"datePublished":"2016-10-13T13:21:48+00:00","dateModified":"2018-01-25T09:54:05+00:00","breadcrumb":{"@id":"https:\/\/sex-svizzera.ch\/it\/#breadcrumb"},"inLanguage":"it-IT","potentialAction":[{"@type":"ReadAction","target":["https:\/\/sex-svizzera.ch\/it\/"]}]},{"@type":"BreadcrumbList","@id":"https:\/\/sex-svizzera.ch\/it\/#breadcrumb","itemListElement":[{"@type":"ListItem","position":1,"name":"Accueil","item":"https:\/\/sex-svizzera.ch\/it\/"},{"@type":"ListItem","position":2,"name":"Benve->Nudo"}]},{"@type":"WebSite","@id":"https:\/\/sex-svizzera.ch\/#website","url":"https:\/\/sex-svizzera.ch\/","name":"Nicest Escort Girls for Hot Sex In Svizzera","description":"Encounters Rencontres Treffen Incontri","potentialAction":[{"@type":"SearchAction","target":{"@type":"EntryPoint","urlTemplate":"https:\/\/sex-svizzera.ch\/?s={search_term_string}"},"query-input":{"@type":"PropertyValueSpecification","valueRequired":true,"valueName":"search_term_string"}}],"inLanguage":"it-IT"}]}},"publishpress_future_action":{"enabled":false,"date":"2026-04-11 10:55:46","action":"change-status","newStatus":"draft","terms":[],"taxonomy":"ag_districts","extraData":[]},"publishpress_future_workflow_manual_trigger":{"enabledWorkflows":[]},"_links":{"self":[{"href":"https:\/\/sex-svizzera.ch\/it\/wp-json\/wp\/v2\/pages\/5049","targetHints":{"allow":["GET"]}}],"collection":[{"href":"https:\/\/sex-svizzera.ch\/it\/wp-json\/wp\/v2\/pages"}],"about":[{"href":"https:\/\/sex-svizzera.ch\/it\/wp-json\/wp\/v2\/types\/page"}],"author":[{"embeddable":true,"href":"https:\/\/sex-svizzera.ch\/it\/wp-json\/wp\/v2\/users\/2"}],"replies":[{"embeddable":true,"href":"https:\/\/sex-svizzera.ch\/it\/wp-json\/wp\/v2\/comments?post=5049"}],"version-history":[{"count":24,"href":"https:\/\/sex-svizzera.ch\/it\/wp-json\/wp\/v2\/pages\/5049\/revisions"}],"predecessor-version":[{"id":9562,"href":"https:\/\/sex-svizzera.ch\/it\/wp-json\/wp\/v2\/pages\/5049\/revisions\/9562"}],"wp:attachment":[{"href":"https:\/\/sex-svizzera.ch\/it\/wp-json\/wp\/v2\/media?parent=5049"}],"wp:term":[{"taxonomy":"ag_districts","embeddable":true,"href":"https:\/\/sex-svizzera.ch\/it\/wp-json\/wp\/v2\/ag_districts?post=5049"},{"taxonomy":"age","embeddable":true,"href":"https:\/\/sex-svizzera.ch\/it\/wp-json\/wp\/v2\/age?post=5049"},{"taxonomy":"anal-pleasure","embeddable":true,"href":"https:\/\/sex-svizzera.ch\/it\/wp-json\/wp\/v2\/anal-pleasure?post=5049"},{"taxonomy":"answer-to","embeddable":true,"href":"https:\/\/sex-svizzera.ch\/it\/wp-json\/wp\/v2\/answer-to?post=5049"},{"taxonomy":"availability-within-a-week","embeddable":true,"href":"https:\/\/sex-svizzera.ch\/it\/wp-json\/wp\/v2\/availability-within-a-week?post=5049"},{"taxonomy":"bdsm","embeddable":true,"href":"https:\/\/sex-svizzera.ch\/it\/wp-json\/wp\/v2\/bdsm?post=5049"},{"taxonomy":"bosom","embeddable":true,"href":"https:\/\/sex-svizzera.ch\/it\/wp-json\/wp\/v2\/bosom?post=5049"},{"taxonomy":"breast","embeddable":true,"href":"https:\/\/sex-svizzera.ch\/it\/wp-json\/wp\/v2\/breast?post=5049"},{"taxonomy":"certified","embeddable":true,"href":"https:\/\/sex-svizzera.ch\/it\/wp-json\/wp\/v2\/certified?post=5049"},{"taxonomy":"charming-skin","embeddable":true,"href":"https:\/\/sex-svizzera.ch\/it\/wp-json\/wp\/v2\/charming-skin?post=5049"},{"taxonomy":"corpulence","embeddable":true,"href":"https:\/\/sex-svizzera.ch\/it\/wp-json\/wp\/v2\/corpulence?post=5049"},{"taxonomy":"cup-eu","embeddable":true,"href":"https:\/\/sex-svizzera.ch\/it\/wp-json\/wp\/v2\/cup-eu?post=5049"},{"taxonomy":"dream-mouth","embeddable":true,"href":"https:\/\/sex-svizzera.ch\/it\/wp-json\/wp\/v2\/dream-mouth?post=5049"},{"taxonomy":"ejaculations","embeddable":true,"href":"https:\/\/sex-svizzera.ch\/it\/wp-json\/wp\/v2\/ejaculations?post=5049"},{"taxonomy":"extreme-sex","embeddable":true,"href":"https:\/\/sex-svizzera.ch\/it\/wp-json\/wp\/v2\/extreme-sex?post=5049"},{"taxonomy":"eye-colour","embeddable":true,"href":"https:\/\/sex-svizzera.ch\/it\/wp-json\/wp\/v2\/eye-colour?post=5049"},{"taxonomy":"fetishism","embeddable":true,"href":"https:\/\/sex-svizzera.ch\/it\/wp-json\/wp\/v2\/fetishism?post=5049"},{"taxonomy":"five-stars-service","embeddable":true,"href":"https:\/\/sex-svizzera.ch\/it\/wp-json\/wp\/v2\/five-stars-service?post=5049"},{"taxonomy":"from","embeddable":true,"href":"https:\/\/sex-svizzera.ch\/it\/wp-json\/wp\/v2\/from?post=5049"},{"taxonomy":"gender-or-style","embeddable":true,"href":"https:\/\/sex-svizzera.ch\/it\/wp-json\/wp\/v2\/gender-or-style?post=5049"},{"taxonomy":"general-services","embeddable":true,"href":"https:\/\/sex-svizzera.ch\/it\/wp-json\/wp\/v2\/general-services?post=5049"},{"taxonomy":"hair-colour","embeddable":true,"href":"https:\/\/sex-svizzera.ch\/it\/wp-json\/wp\/v2\/hair-colour?post=5049"},{"taxonomy":"hair-length","embeddable":true,"href":"https:\/\/sex-svizzera.ch\/it\/wp-json\/wp\/v2\/hair-length?post=5049"},{"taxonomy":"hair-type","embeddable":true,"href":"https:\/\/sex-svizzera.ch\/it\/wp-json\/wp\/v2\/hair-type?post=5049"},{"taxonomy":"height","embeddable":true,"href":"https:\/\/sex-svizzera.ch\/it\/wp-json\/wp\/v2\/height?post=5049"},{"taxonomy":"how-is-the-reception","embeddable":true,"href":"https:\/\/sex-svizzera.ch\/it\/wp-json\/wp\/v2\/how-is-the-reception?post=5049"},{"taxonomy":"lesboshow-threesome-foursome","embeddable":true,"href":"https:\/\/sex-svizzera.ch\/it\/wp-json\/wp\/v2\/lesboshow-threesome-foursome?post=5049"},{"taxonomy":"massage","embeddable":true,"href":"https:\/\/sex-svizzera.ch\/it\/wp-json\/wp\/v2\/massage?post=5049"},{"taxonomy":"masturbation","embeddable":true,"href":"https:\/\/sex-svizzera.ch\/it\/wp-json\/wp\/v2\/masturbation?post=5049"},{"taxonomy":"mother-tongue","embeddable":true,"href":"https:\/\/sex-svizzera.ch\/it\/wp-json\/wp\/v2\/mother-tongue?post=5049"},{"taxonomy":"need-time","embeddable":true,"href":"https:\/\/sex-svizzera.ch\/it\/wp-json\/wp\/v2\/need-time?post=5049"},{"taxonomy":"origin","embeddable":true,"href":"https:\/\/sex-svizzera.ch\/it\/wp-json\/wp\/v2\/origin?post=5049"},{"taxonomy":"piercings","embeddable":true,"href":"https:\/\/sex-svizzera.ch\/it\/wp-json\/wp\/v2\/piercings?post=5049"},{"taxonomy":"pubis-colour","embeddable":true,"href":"https:\/\/sex-svizzera.ch\/it\/wp-json\/wp\/v2\/pubis-colour?post=5049"},{"taxonomy":"pubis-style","embeddable":true,"href":"https:\/\/sex-svizzera.ch\/it\/wp-json\/wp\/v2\/pubis-style?post=5049"},{"taxonomy":"safe-sex","embeddable":true,"href":"https:\/\/sex-svizzera.ch\/it\/wp-json\/wp\/v2\/safe-sex?post=5049"},{"taxonomy":"sex-toys","embeddable":true,"href":"https:\/\/sex-svizzera.ch\/it\/wp-json\/wp\/v2\/sex-toys?post=5049"},{"taxonomy":"shower","embeddable":true,"href":"https:\/\/sex-svizzera.ch\/it\/wp-json\/wp\/v2\/shower?post=5049"},{"taxonomy":"skin","embeddable":true,"href":"https:\/\/sex-svizzera.ch\/it\/wp-json\/wp\/v2\/skin?post=5049"},{"taxonomy":"spoken-language","embeddable":true,"href":"https:\/\/sex-svizzera.ch\/it\/wp-json\/wp\/v2\/spoken-language?post=5049"},{"taxonomy":"tattoos","embeddable":true,"href":"https:\/\/sex-svizzera.ch\/it\/wp-json\/wp\/v2\/tattoos?post=5049"},{"taxonomy":"the-classics","embeddable":true,"href":"https:\/\/sex-svizzera.ch\/it\/wp-json\/wp\/v2\/the-classics?post=5049"},{"taxonomy":"to","embeddable":true,"href":"https:\/\/sex-svizzera.ch\/it\/wp-json\/wp\/v2\/to?post=5049"},{"taxonomy":"weight","embeddable":true,"href":"https:\/\/sex-svizzera.ch\/it\/wp-json\/wp\/v2\/weight?post=5049"},{"taxonomy":"where","embeddable":true,"href":"https:\/\/sex-svizzera.ch\/it\/wp-json\/wp\/v2\/where?post=5049"},{"taxonomy":"accepted-payment-methods","embeddable":true,"href":"https:\/\/sex-svizzera.ch\/it\/wp-json\/wp\/v2\/accepted-payment-methods?post=5049"},{"taxonomy":"ar-districts","embeddable":true,"href":"https:\/\/sex-svizzera.ch\/it\/wp-json\/wp\/v2\/ar-districts?post=5049"},{"taxonomy":"be-districts","embeddable":true,"href":"https:\/\/sex-svizzera.ch\/it\/wp-json\/wp\/v2\/be-districts?post=5049"},{"taxonomy":"canton","embeddable":true,"href":"https:\/\/sex-svizzera.ch\/it\/wp-json\/wp\/v2\/canton?post=5049"},{"taxonomy":"fr-districts","embeddable":true,"href":"https:\/\/sex-svizzera.ch\/it\/wp-json\/wp\/v2\/fr-districts?post=5049"},{"taxonomy":"gr-districts","embeddable":true,"href":"https:\/\/sex-svizzera.ch\/it\/wp-json\/wp\/v2\/gr-districts?post=5049"},{"taxonomy":"ju-districts","embeddable":true,"href":"https:\/\/sex-svizzera.ch\/it\/wp-json\/wp\/v2\/ju-districts?post=5049"},{"taxonomy":"lu-districts","embeddable":true,"href":"https:\/\/sex-svizzera.ch\/it\/wp-json\/wp\/v2\/lu-districts?post=5049"},{"taxonomy":"ne-districts","embeddable":true,"href":"https:\/\/sex-svizzera.ch\/it\/wp-json\/wp\/v2\/ne-districts?post=5049"},{"taxonomy":"sg-districts","embeddable":true,"href":"https:\/\/sex-svizzera.ch\/it\/wp-json\/wp\/v2\/sg-districts?post=5049"},{"taxonomy":"sh-districts","embeddable":true,"href":"https:\/\/sex-svizzera.ch\/it\/wp-json\/wp\/v2\/sh-districts?post=5049"},{"taxonomy":"so-districts","embeddable":true,"href":"https:\/\/sex-svizzera.ch\/it\/wp-json\/wp\/v2\/so-districts?post=5049"},{"taxonomy":"sz-districts","embeddable":true,"href":"https:\/\/sex-svizzera.ch\/it\/wp-json\/wp\/v2\/sz-districts?post=5049"},{"taxonomy":"tg-districts","embeddable":true,"href":"https:\/\/sex-svizzera.ch\/it\/wp-json\/wp\/v2\/tg-districts?post=5049"},{"taxonomy":"ti-districts","embeddable":true,"href":"https:\/\/sex-svizzera.ch\/it\/wp-json\/wp\/v2\/ti-districts?post=5049"},{"taxonomy":"vd-districts","embeddable":true,"href":"https:\/\/sex-svizzera.ch\/it\/wp-json\/wp\/v2\/vd-districts?post=5049"},{"taxonomy":"vs-districts","embeddable":true,"href":"https:\/\/sex-svizzera.ch\/it\/wp-json\/wp\/v2\/vs-districts?post=5049"},{"taxonomy":"zg-districts","embeddable":true,"href":"https:\/\/sex-svizzera.ch\/it\/wp-json\/wp\/v2\/zg-districts?post=5049"},{"taxonomy":"zh-districts","embeddable":true,"href":"https:\/\/sex-svizzera.ch\/it\/wp-json\/wp\/v2\/zh-districts?post=5049"},{"taxonomy":"bl-districts","embeddable":true,"href":"https:\/\/sex-svizzera.ch\/it\/wp-json\/wp\/v2\/bl-districts?post=5049"},{"taxonomy":"widgetout","embeddable":true,"href":"https:\/\/sex-svizzera.ch\/it\/wp-json\/wp\/v2\/widgetout?post=5049"}],"curies":[{"name":"wp","href":"https:\/\/api.w.org\/{rel}","templated":true}]}}